{"id":318,"date":"2024-12-27T15:45:31","date_gmt":"2024-12-27T12:45:31","guid":{"rendered":"https:\/\/standartkate.ee\/?page_id=318"},"modified":"2025-01-23T20:09:23","modified_gmt":"2025-01-23T17:09:23","slug":"main","status":"publish","type":"page","link":"https:\/\/standartkate.ee\/et","title":{"rendered":"Main"},"content":{"rendered":"<p>Tere, minu nimi on Dmitri ja ma olen 25 aastat oma s\u00fcdame ja k\u00e4tega loonud usaldusv\u00e4\u00e4rseid katuseid. Ma armastan oma t\u00f6\u00f6d ja olen uhke, et olen aastate jooksul j\u00e4tnud palju vastupidavaid lahendusi.Meie moto on: &#8220;Me teeme seda, mida lubasime, \u00f5igeaegselt ja kokkulepitud hinnaga.&#8221;P\u00f6\u00f6rake t\u00e4helepanu distsipliinile, loogikale ja t\u00e4helepanu oma ootustele. Igal STANDARTKATE t\u00f6\u00f6tajal on need omadused.<\/p>\n<p>&nbsp;<\/p>\n","protected":false},"excerpt":{"rendered":"<p>Tere, minu nimi on Dmitri ja ma olen 25 aastat oma s\u00fcdame ja k\u00e4tega loonud usaldusv\u00e4\u00e4rseid katuseid. Ma armastan oma t\u00f6\u00f6d ja olen uhke, et olen aastate jooksul j\u00e4tnud palju vastupidavaid lahendusi.Meie moto on: &#8220;Me teeme seda, mida lubasime, \u00f5igeaegselt ja kokkulepitud hinnaga.&#8221;P\u00f6\u00f6rake t\u00e4helepanu distsipliinile, loogikale ja t\u00e4helepanu oma ootustele. Igal STANDARTKATE t\u00f6\u00f6tajal on need [&hellip;]<\/p>\n","protected":false},"author":1,"featured_media":0,"parent":0,"menu_order":0,"comment_status":"closed","ping_status":"closed","template":"page-index.php","meta":{"footnotes":""},"class_list":["post-318","page","type-page","status-publish","hentry"],"_links":{"self":[{"href":"https:\/\/standartkate.ee\/et\/index.php?rest_route=\/wp\/v2\/pages\/318","targetHints":{"allow":["GET"]}}],"collection":[{"href":"https:\/\/standartkate.ee\/et\/index.php?rest_route=\/wp\/v2\/pages"}],"about":[{"href":"https:\/\/standartkate.ee\/et\/index.php?rest_route=\/wp\/v2\/types\/page"}],"author":[{"embeddable":true,"href":"https:\/\/standartkate.ee\/et\/index.php?rest_route=\/wp\/v2\/users\/1"}],"replies":[{"embeddable":true,"href":"https:\/\/standartkate.ee\/et\/index.php?rest_route=%2Fwp%2Fv2%2Fcomments&post=318"}],"version-history":[{"count":3,"href":"https:\/\/standartkate.ee\/et\/index.php?rest_route=\/wp\/v2\/pages\/318\/revisions"}],"predecessor-version":[{"id":335,"href":"https:\/\/standartkate.ee\/et\/index.php?rest_route=\/wp\/v2\/pages\/318\/revisions\/335"}],"wp:attachment":[{"href":"https:\/\/standartkate.ee\/et\/index.php?rest_route=%2Fwp%2Fv2%2Fmedia&parent=318"}],"curies":[{"name":"wp","href":"https:\/\/api.w.org\/{rel}","templated":true}]}}